{"id":131,"date":"2018-12-26T22:02:18","date_gmt":"2018-12-26T22:02:18","guid":{"rendered":"http:\/\/192.168.1.224\/wordpress\/?page_id=131"},"modified":"2023-09-16T21:30:41","modified_gmt":"2023-09-16T20:30:41","slug":"empfehlungen-links","status":"publish","type":"page","link":"https:\/\/from-the-fahr-side.ch\/index.php\/empfehlungen-links\/","title":{"rendered":"Empfehlungen \/ Links"},"content":{"rendered":"<p style=\"text-align: center;\"><strong>Einige Empfehlungen, die das Fahrzeug und dessen Inhalt betreffen<\/strong><\/p>\n<ul>\n<li style=\"text-align: left;\">Die <strong>Nutzfahrzeug AG in Bern<\/strong> hat unser Projekt mit grosser Begeisterung mitgetragen und auch ausgefallene W\u00fcnsche erf\u00fcllt. An dieser Stelle ein grosses Merci.<br \/><a style=\"font-size: 1rem;\" href=\"https:\/\/nfzag.ch\" target=\"_blank\" rel=\"noopener noreferrer\">nfzag.ch<\/a><\/li>\n<li>Sehr kompetent, qualitativ hochstehend und zuverl\u00e4ssig wurde der Aufbau unseres Fahrzeugs durch die <strong>Manufaktur Exploryx in Isny<\/strong> im Allg\u00e4u gefertigt:<br \/><a style=\"font-size: 1rem;\" href=\"http:\/\/www.exploryx.de\" target=\"_blank\" rel=\"noopener noreferrer\">Exploryx.de<\/a><\/li>\n<li>Das altbew\u00e4hrte Fleckenmittel <strong>&#8220;R\u00e4dibuz&#8221; <\/strong>ist auch dabei und hat schon Wunder bewirkt, z.B. Curryflecken auf Daunenweste entfernt! Zu kaufen in Schweizer Drogerien.<br \/><a href=\"https:\/\/radibuz.ch\/Radibuz\/home.html\" target=\"_blank\" rel=\"noopener noreferrer\">R\u00e4dibuz<\/a><\/li>\n<\/ul>\n<p style=\"text-align: center;\"><strong>\u00a0Orte, die uns in \u00a0Portugal gl\u00fccklich gemacht haben:<\/strong><\/p>\n<ul>\n<li>Besuch einer Korkverarbeitungsfabrik mit informativer und anschaulicher F\u00fchrung in Azaruja:<br \/><a style=\"font-size: 1rem;\" href=\"https:\/\/www.facebook.com\/corticartee\/\" target=\"_blank\" rel=\"noopener noreferrer\">Corti\u00e7arte &#8211; Arte em Corti\u00e7a<\/a><\/li>\n<li>Erlebnisreicher Restaurantbesuch in Evora:<br \/><a style=\"font-size: 1rem;\" href=\"https:\/\/www.facebook.com\/tabernatipicaquartafeira\/\" target=\"_blank\" rel=\"noopener noreferrer\">Taberna T\u00edpica Quarta Feira<\/a><\/li>\n<\/ul>\n<p style=\"text-align: center;\"><strong>N\u00fctzliches aus Marokko:<\/strong><\/p>\n<ul>\n<li>GPS <strong>OFF-ROAD Reisef\u00fchrer Marokko<\/strong> von Sabine und Burkhard Koch<br \/><a href=\"https:\/\/pistenkuh.de\" target=\"_blank\" rel=\"noopener noreferrer\">Lila Pistenkuh<\/a><\/li>\n<li><strong>Fahrtrainer<\/strong> f\u00fcrs W\u00fcstengel\u00e4nde am Erg Chebbi:\u00a0Lahcen Mhamidi (er spricht gut Deutsch, Franz\u00f6sisch, Englisch)<br \/><a href=\"http:\/\/www.discoveraroundmorocco.com\" target=\"_blank\" rel=\"noopener noreferrer\">discover around morocco<\/a><\/li>\n<\/ul>\n<p style=\"text-align: center;\"><span style=\"font-size: inherit;\">\u00a0<strong>Not to miss in New Zealand:<\/strong><\/span><\/p>\n<ul>\n<li>Jahresmitgliedschaft im <strong>Campingclub NZ<\/strong> m\u00f6glich, falls im Heimatland Campingclubmitglied. Bietet viele Vorteile.<br \/><a href=\"http:\/\/www.nzmca.org.nz\" target=\"_blank\" rel=\"noopener noreferrer\">www.nzmca.org.nz<\/a><\/li>\n<li>Wundersch\u00f6n gelegene, einfache Campings des Departement of Conservation (sog. <strong>DOC<\/strong>)<br \/><a href=\"http:\/\/www.doc.govt.nz\" target=\"_blank\" rel=\"noopener noreferrer\">www.doc.govt.nz<\/a><\/li>\n<li>Der etwas andere<strong> Reisef\u00fchrer for New Zealand<\/strong><strong><br \/><\/strong><a href=\"https:\/\/www.google.com\/url?sa=t&amp;rct=j&amp;q=&amp;esrc=s&amp;source=web&amp;cd=1&amp;ved=2ahUKEwjv1uSJhLzpAhUQX30KHe0JB1gQFjAAegQIBhAB&amp;url=http%3A%2F%2Fwww.nzfrenzy.com%2F&amp;usg=AOvVaw2X9pDuTH4oSutgC8V5RVtM\" target=\"_blank\" rel=\"noopener noreferrer\">NZ Frenzy North and South Island, Outdoor Guidebook<\/a><strong><br \/><\/strong><\/li>\n<li><strong>Wairua Lodge, <\/strong>absolute TOP-Lodge, Besitzerehepaar sehr engagiert, wunderbare Stimmung und beste Lage um die Halbinsel Coromandel zu erkunden.<br \/><a href=\"http:\/\/www.wairualodge.co.nz\" target=\"_blank\" rel=\"noopener noreferrer\">www.wairualodge.co.nz<\/a><\/li>\n<li><strong data-rich-text-format-boundary=\"true\">Chez moi<\/strong>, the Swiss chocolate shop in <strong>Waihi Beach<\/strong>. So gut, dass sich auch ein Umweg lohnt!<br \/><a href=\"http:\/\/www.chezmoichocolate.com\" target=\"_blank\" rel=\"noopener noreferrer\">chez moi chocolate<\/a><\/li>\n<li><strong>Riverton Beachhouse Restaurant <\/strong>the very best Seafood Chowder I had in New Zealand, near Invercargill, South Island<br \/><a href=\"https:\/\/www.tripadvisor.co.nz\/Restaurant_Review-g670372-d722044-Reviews-Riverton_Beachhouse_Restaurant-Riverton_Southland_Region_South_Island.html\">https:\/\/www.tripadvisor.co.nz\/Restaurant_Review-g670372-d722044-Reviews-Riverton_Beachhouse_Restaurant-Riverton_Southland_Region_South_Island.html<\/a><\/li>\n<\/ul>\n\n\n<p class=\"has-text-align-center\"><strong>Highly recommended in Australia<\/strong>:<\/p>\n\n\n\n<ul class=\"wp-block-list\"><li>Weingut mit hervorragendem <strong>Restaurant<\/strong>, nach dem Abendessen \u00fcbernachten im Camper m\u00f6glich<br>in Mudgee, 250km von Sydney entfernt<br><a href=\"http:\/\/pipeclaypumphouse\" data-type=\"URL\">https:\/\/pipeclaypumphouse.com.au<\/a><\/li><li>Sehr lohnenswerte &#8220;<strong>working stations<\/strong>&#8221; mit Campierm\u00f6glichkeit, die liebevoll gestaltet sind und auch off road tracks anbieten<br><a href=\"https:\/\/www.skytrekwillowsprings.com.au\">https:\/\/www.skytrekwillowsprings.com.au<\/a> in den Flinders Ranges, South Australia<br><a href=\"https:\/\/mtive.com.au\">https:\/\/mtive.com.au<\/a> in den Gawler Ranges, South Australia<br><br><\/li><\/ul>\n\n\n\n<p class=\"has-text-align-center\"><strong>Albanien\/Griechenland<\/strong><\/p>\n\n\n\n<ul class=\"wp-block-list\"><li><strong>GPS OFF Road Reisef\u00fchrer <\/strong>von Sabine und Burkhard Koch<br><a href=\"https:\/\/pistenkuh.de\/shop\/offroad-tourenbuch-albanien\/\">https:\/\/pistenkuh.de\/shop\/offroad-tourenbuch-albanien\/<\/a><br><a href=\"https:\/\/pistenkuh.de\/shop\/gps-offroad-tourenbuch-griechenland\/\">https:\/\/pistenkuh.de\/shop\/gps-offroad-tourenbuch-griechenland\/<\/a><br><\/li><\/ul>\n\n\n\n<p><\/p>\n","protected":false},"excerpt":{"rendered":"<p>Einige Empfehlungen, die das Fahrzeug und dessen Inhalt betreffen Die Nutzfahrzeug AG in Bern hat unser Projekt mit grosser Begeisterung mitgetragen und auch ausgefallene W\u00fcnsche&hellip;<\/p>\n<p><a class=\"more-link\" href=\"https:\/\/from-the-fahr-side.ch\/index.php\/empfehlungen-links\/\">Read More<\/a><\/p>\n","protected":false},"author":1,"featured_media":0,"parent":0,"menu_order":0,"comment_status":"closed","ping_status":"closed","template":"","meta":{"footnotes":""},"class_list":["post-131","page","type-page","status-publish","hentry"],"_links":{"self":[{"href":"https:\/\/from-the-fahr-side.ch\/index.php\/wp-json\/wp\/v2\/pages\/131","targetHints":{"allow":["GET"]}}],"collection":[{"href":"https:\/\/from-the-fahr-side.ch\/index.php\/wp-json\/wp\/v2\/pages"}],"about":[{"href":"https:\/\/from-the-fahr-side.ch\/index.php\/wp-json\/wp\/v2\/types\/page"}],"author":[{"embeddable":true,"href":"https:\/\/from-the-fahr-side.ch\/index.php\/wp-json\/wp\/v2\/users\/1"}],"replies":[{"embeddable":true,"href":"https:\/\/from-the-fahr-side.ch\/index.php\/wp-json\/wp\/v2\/comments?post=131"}],"version-history":[{"count":45,"href":"https:\/\/from-the-fahr-side.ch\/index.php\/wp-json\/wp\/v2\/pages\/131\/revisions"}],"predecessor-version":[{"id":3640,"href":"https:\/\/from-the-fahr-side.ch\/index.php\/wp-json\/wp\/v2\/pages\/131\/revisions\/3640"}],"wp:attachment":[{"href":"https:\/\/from-the-fahr-side.ch\/index.php\/wp-json\/wp\/v2\/media?parent=131"}],"curies":[{"name":"wp","href":"https:\/\/api.w.org\/{rel}","templated":true}]}}