{"id":73,"date":"2018-12-26T15:48:22","date_gmt":"2018-12-26T15:48:22","guid":{"rendered":"http:\/\/192.168.1.224\/wordpress\/?page_id=73"},"modified":"2019-01-09T23:01:12","modified_gmt":"2019-01-09T22:01:12","slug":"uber-uns","status":"publish","type":"page","link":"https:\/\/from-the-fahr-side.ch\/index.php\/uber-uns\/","title":{"rendered":"\u00dcber uns"},"content":{"rendered":"<p>Nach Abschluss unserer Arbeits- und Elternzeit haben wir, Sylvia und Hans, unseren langgehegten Wunsch nach einem Leben auf Reisen verwirklicht. Gemeinsam wollen wir Neues entdecken, Sch\u00f6nes geniessen, \u00dcberraschendes erleben, Herausforderungen meistern und Unangenehmes bew\u00e4ltigen.<\/p>\n<div id=\"envira-gallery-wrap-216\" class=\"envira-gallery-wrap envira-gallery-theme-base envira-lightbox-theme-base\" itemscope itemtype=\"https:\/\/schema.org\/ImageGallery\"><div style=\"opacity: 0.0\"  data-row-height=\"300\" data-gallery-theme=\"normal\" id=\"envira-gallery-216\" class=\"envira-gallery-public envira-gallery-justified-public envira-gallery-0-columns envira-clear enviratope envira-gallery-css-animations\" data-envira-columns=\"0\"><div id=\"envira-gallery-item-217\" class=\"envira-gallery-item enviratope-item envira-gallery-item-1 envira-lazy-load\" style=\"padding-left: 5px; padding-bottom: 10px; padding-right: 5px;\"  itemscope itemtype=\"https:\/\/schema.org\/ImageObject\"><div class=\"envira-gallery-item-inner\"><div class=\"envira-gallery-position-overlay  envira-gallery-top-left\"><\/div><div class=\"envira-gallery-position-overlay  envira-gallery-top-right\"><\/div><div class=\"envira-gallery-position-overlay  envira-gallery-bottom-left\"><\/div><div class=\"envira-gallery-position-overlay  envira-gallery-bottom-right\"><\/div><a href=\"https:\/\/from-the-fahr-side.ch\/wp-content\/uploads\/2018\/12\/b05c35c2-fb11-4704-93ef-7f5657bd555c-2.jpg\" class=\"envira-gallery-216 envira-gallery-link\" rel=\"enviragallery216\" title=\"organisiert\" data-envira-caption=\"organisiert\" data-envira-retina=\"\" data-thumbnail=\"\"  itemprop=\"contentUrl\"><img decoding=\"async\" id=\"envira-gallery-image-217\" class=\"envira-gallery-image envira-gallery-image-1 envira-normal envira-lazy\" data-envira-index=\"1\" src=\"https:\/\/from-the-fahr-side.ch\/wp-content\/uploads\/2018\/12\/b05c35c2-fb11-4704-93ef-7f5657bd555c-2-747x1024-640x480.jpg\" data-envira-src=\"https:\/\/from-the-fahr-side.ch\/wp-content\/uploads\/2018\/12\/b05c35c2-fb11-4704-93ef-7f5657bd555c-2-747x1024-640x480.jpg\" data-envira-gallery-id=\"216\" data-envira-item-id=\"217\" data-envira-caption=\"organisiert\" alt=\"\" title=\"organisiert\"  itemprop=\"thumbnailUrl\" data-envira-srcset=\"https:\/\/from-the-fahr-side.ch\/wp-content\/uploads\/2018\/12\/b05c35c2-fb11-4704-93ef-7f5657bd555c-2-747x1024-640x480.jpg 400w,https:\/\/from-the-fahr-side.ch\/wp-content\/uploads\/2018\/12\/b05c35c2-fb11-4704-93ef-7f5657bd555c-2-747x1024-640x480.jpg 2x\" data-envira-width=\"219\" data-envira-height=\"300\" srcset=\"data:image\/gif;base64,R0lGODlhAQABAIAAAP\/\/\/\/\/\/\/yH5BAEKAAEALAAAAAABAAEAAAICTAEAOw==\" data-safe-src=\"data:image\/gif;base64,R0lGODlhAQABAIAAAP\/\/\/\/\/\/\/yH5BAEKAAEALAAAAAABAAEAAAICTAEAOw==\" \/><\/a><\/div><\/div><div id=\"envira-gallery-item-220\" class=\"envira-gallery-item enviratope-item envira-gallery-item-2 envira-lazy-load\" style=\"padding-left: 5px; padding-bottom: 10px; padding-right: 5px;\"  itemscope itemtype=\"https:\/\/schema.org\/ImageObject\"><div class=\"envira-gallery-item-inner\"><div class=\"envira-gallery-position-overlay  envira-gallery-top-left\"><\/div><div class=\"envira-gallery-position-overlay  envira-gallery-top-right\"><\/div><div class=\"envira-gallery-position-overlay  envira-gallery-bottom-left\"><\/div><div class=\"envira-gallery-position-overlay  envira-gallery-bottom-right\"><\/div><a href=\"https:\/\/from-the-fahr-side.ch\/wp-content\/uploads\/2018\/12\/IMG_3884-croped.jpg\" class=\"envira-gallery-216 envira-gallery-link\" rel=\"enviragallery216\" title=\"optimistisch\" data-envira-caption=\"optimistisch\" data-envira-retina=\"\" data-thumbnail=\"\"  itemprop=\"contentUrl\"><img decoding=\"async\" id=\"envira-gallery-image-220\" class=\"envira-gallery-image envira-gallery-image-2 envira-normal envira-lazy\" data-envira-index=\"2\" src=\"https:\/\/from-the-fahr-side.ch\/wp-content\/uploads\/2018\/12\/IMG_3884-croped-747x1024-640x480.jpg\" data-envira-src=\"https:\/\/from-the-fahr-side.ch\/wp-content\/uploads\/2018\/12\/IMG_3884-croped-747x1024-640x480.jpg\" data-envira-gallery-id=\"216\" data-envira-item-id=\"220\" data-envira-caption=\"optimistisch\" alt=\"\" title=\"optimistisch\"  itemprop=\"thumbnailUrl\" data-envira-srcset=\"https:\/\/from-the-fahr-side.ch\/wp-content\/uploads\/2018\/12\/IMG_3884-croped-747x1024-640x480.jpg 400w,https:\/\/from-the-fahr-side.ch\/wp-content\/uploads\/2018\/12\/IMG_3884-croped-747x1024-640x480.jpg 2x\" data-envira-width=\"219\" data-envira-height=\"300\" srcset=\"data:image\/gif;base64,R0lGODlhAQABAIAAAP\/\/\/\/\/\/\/yH5BAEKAAEALAAAAAABAAEAAAICTAEAOw==\" data-safe-src=\"data:image\/gif;base64,R0lGODlhAQABAIAAAP\/\/\/\/\/\/\/yH5BAEKAAEALAAAAAABAAEAAAICTAEAOw==\" \/><\/a><\/div><\/div><div id=\"envira-gallery-item-398\" class=\"envira-gallery-item enviratope-item envira-gallery-item-3 envira-lazy-load\" style=\"padding-left: 5px; padding-bottom: 10px; padding-right: 5px;\"  itemscope itemtype=\"https:\/\/schema.org\/ImageObject\"><div class=\"envira-gallery-item-inner\"><div class=\"envira-gallery-position-overlay  envira-gallery-top-left\"><\/div><div class=\"envira-gallery-position-overlay  envira-gallery-top-right\"><\/div><div class=\"envira-gallery-position-overlay  envira-gallery-bottom-left\"><\/div><div class=\"envira-gallery-position-overlay  envira-gallery-bottom-right\"><\/div><a href=\"https:\/\/from-the-fahr-side.ch\/wp-content\/uploads\/2018\/12\/teoretisch-kann-ich-praktisch-alles....jpg\" class=\"envira-gallery-216 envira-gallery-link\" rel=\"enviragallery216\" title=\"theoretisch kann ich praktisch alles&amp;#8230;\" data-envira-caption=\"theoretisch kann ich praktisch alles&amp;#8230;\" data-envira-retina=\"\" data-thumbnail=\"\"  itemprop=\"contentUrl\"><img decoding=\"async\" id=\"envira-gallery-image-398\" class=\"envira-gallery-image envira-gallery-image-3 envira-normal envira-lazy\" data-envira-index=\"3\" src=\"https:\/\/from-the-fahr-side.ch\/wp-content\/uploads\/2018\/12\/teoretisch-kann-ich-praktisch-alles...-1024x768-640x480.jpg\" data-envira-src=\"https:\/\/from-the-fahr-side.ch\/wp-content\/uploads\/2018\/12\/teoretisch-kann-ich-praktisch-alles...-1024x768-640x480.jpg\" data-envira-gallery-id=\"216\" data-envira-item-id=\"398\" data-envira-caption=\"theoretisch kann ich praktisch alles&amp;#8230;\" alt=\"\" title=\"theoretisch kann ich praktisch alles&amp;#8230;\"  itemprop=\"thumbnailUrl\" data-envira-srcset=\"https:\/\/from-the-fahr-side.ch\/wp-content\/uploads\/2018\/12\/teoretisch-kann-ich-praktisch-alles...-1024x768-640x480.jpg 400w,https:\/\/from-the-fahr-side.ch\/wp-content\/uploads\/2018\/12\/teoretisch-kann-ich-praktisch-alles...-1024x768-640x480.jpg 2x\" data-envira-width=\"300\" data-envira-height=\"225\" srcset=\"data:image\/gif;base64,R0lGODlhAQABAIAAAP\/\/\/\/\/\/\/yH5BAEKAAEALAAAAAABAAEAAAICTAEAOw==\" data-safe-src=\"data:image\/gif;base64,R0lGODlhAQABAIAAAP\/\/\/\/\/\/\/yH5BAEKAAEALAAAAAABAAEAAAICTAEAOw==\" \/><\/a><\/div><\/div><\/div><\/div><noscript><img decoding=\"async\" src=\"https:\/\/from-the-fahr-side.ch\/wp-content\/uploads\/2018\/12\/b05c35c2-fb11-4704-93ef-7f5657bd555c-2.jpg\" alt=\"\" \/><img decoding=\"async\" src=\"https:\/\/from-the-fahr-side.ch\/wp-content\/uploads\/2018\/12\/IMG_3884-croped.jpg\" alt=\"\" \/><img decoding=\"async\" src=\"https:\/\/from-the-fahr-side.ch\/wp-content\/uploads\/2018\/12\/teoretisch-kann-ich-praktisch-alles....jpg\" alt=\"\" \/><\/noscript>\n","protected":false},"excerpt":{"rendered":"<p>Nach Abschluss unserer Arbeits- und Elternzeit haben wir, Sylvia und Hans, unseren langgehegten Wunsch nach einem Leben auf Reisen verwirklicht. Gemeinsam wollen wir Neues entdecken,&hellip;<\/p>\n<p><a class=\"more-link\" href=\"https:\/\/from-the-fahr-side.ch\/index.php\/uber-uns\/\">Read More<\/a><\/p>\n","protected":false},"author":1,"featured_media":0,"parent":0,"menu_order":0,"comment_status":"closed","ping_status":"closed","template":"","meta":{"footnotes":""},"class_list":["post-73","page","type-page","status-publish","hentry"],"_links":{"self":[{"href":"https:\/\/from-the-fahr-side.ch\/index.php\/wp-json\/wp\/v2\/pages\/73","targetHints":{"allow":["GET"]}}],"collection":[{"href":"https:\/\/from-the-fahr-side.ch\/index.php\/wp-json\/wp\/v2\/pages"}],"about":[{"href":"https:\/\/from-the-fahr-side.ch\/index.php\/wp-json\/wp\/v2\/types\/page"}],"author":[{"embeddable":true,"href":"https:\/\/from-the-fahr-side.ch\/index.php\/wp-json\/wp\/v2\/users\/1"}],"replies":[{"embeddable":true,"href":"https:\/\/from-the-fahr-side.ch\/index.php\/wp-json\/wp\/v2\/comments?post=73"}],"version-history":[{"count":9,"href":"https:\/\/from-the-fahr-side.ch\/index.php\/wp-json\/wp\/v2\/pages\/73\/revisions"}],"predecessor-version":[{"id":400,"href":"https:\/\/from-the-fahr-side.ch\/index.php\/wp-json\/wp\/v2\/pages\/73\/revisions\/400"}],"wp:attachment":[{"href":"https:\/\/from-the-fahr-side.ch\/index.php\/wp-json\/wp\/v2\/media?parent=73"}],"curies":[{"name":"wp","href":"https:\/\/api.w.org\/{rel}","templated":true}]}}