{"id":86,"date":"2018-12-26T17:30:17","date_gmt":"2018-12-26T17:30:17","guid":{"rendered":"http:\/\/192.168.1.224\/wordpress\/?page_id=86"},"modified":"2024-06-05T13:33:50","modified_gmt":"2024-06-05T12:33:50","slug":"kochbuch","status":"publish","type":"page","link":"https:\/\/from-the-fahr-side.ch\/index.php\/kochbuch\/","title":{"rendered":"Kochbuch"},"content":{"rendered":"\n<figure class=\"wp-block-gallery has-nested-images columns-default is-cropped wp-block-gallery-1 is-layout-flex wp-block-gallery-is-layout-flex\">\n<figure class=\"wp-block-image size-large\"><img loading=\"lazy\" decoding=\"async\" width=\"1024\" height=\"768\" data-id=\"244\" src=\"https:\/\/from-the-fahr-side.ch\/wp-content\/uploads\/2019\/01\/ruebli-markt-1-1024x768.jpg\" alt=\"\" class=\"wp-image-244\" srcset=\"https:\/\/from-the-fahr-side.ch\/wp-content\/uploads\/2019\/01\/ruebli-markt-1.jpg 1024w, https:\/\/from-the-fahr-side.ch\/wp-content\/uploads\/2019\/01\/ruebli-markt-1-300x225.jpg 300w, https:\/\/from-the-fahr-side.ch\/wp-content\/uploads\/2019\/01\/ruebli-markt-1-768x576.jpg 768w\" sizes=\"auto, (max-width: 1024px) 100vw, 1024px\" \/><\/figure>\n<\/figure>\n\n\n<p>Das Essen frisch zuzubereiten und Abwechslung auf dem Teller sind uns auch auf Reisen wichtig. Es braucht oft etwas Improvisation, da das Arsenal an K\u00fcchenger\u00e4tschaften beschr\u00e4nkt ist und auch das Angebot je nach Land und Saison nicht dem Gewohnten entspricht. Wir haben im Laufe unserer Campingerfahrung gelernt, dass mit Mut und Fantasie wunderbare Gerichte entstehen k\u00f6nnen.\u00a0<\/p>\n<p style=\"text-align: center;\"><em><strong>Die besten Rezepte kreiert der Hunger<\/strong><\/em><\/p>\n<p>Gerichte:<\/p>\n<p><a href=\"https:\/\/from-the-fahr-side.ch\/index.php\/2018\/12\/26\/teigwaren-mit-fisch-und-tomatensauce\/\">Teigwaren mit Fisch und Tomatensauce<\/a><br \/><a href=\"https:\/\/from-the-fahr-side.ch\/index.php\/2019\/01\/04\/gemuse-rosti-frittata\/\" rel=\"noopener\">Gem\u00fcse-R\u00f6sti-Frittata<\/a><br \/><a href=\"https:\/\/from-the-fahr-side.ch\/index.php\/2019\/01\/15\/lunchbrot-mit-granatapfel\/\">Lunchbrot mit Granatapfel<\/a><br \/><a href=\"https:\/\/from-the-fahr-side.ch\/index.php\/2019\/02\/05\/zimt-ruebli-couscous-im-omnia\/\">Zimt-R\u00fcebli-Couscous im OMNIA<\/a><br \/><a href=\"https:\/\/from-the-fahr-side.ch\/index.php\/2019\/12\/03\/kumara-mit-favabohnen-avocado-puree\/\">Kumara mit Favabohnen und Avocado P\u00fcree<\/a><br \/><a href=\"https:\/\/from-the-fahr-side.ch\/index.php\/2020\/01\/08\/whitebait-omlette\/\">Whitebait Omlette<\/a><br \/><a href=\"https:\/\/from-the-fahr-side.ch\/index.php\/2020\/08\/15\/glasnudelsalat-mit-gemuse-und-crevetten\/\">Glasnudelsalat mit Gem\u00fcse und Crevetten<\/a><br \/><a href=\"https:\/\/from-the-fahr-side.ch\/index.php\/2023\/11\/21\/mais-gemuse-omelette\/\">Mais-Gem\u00fcse-Omelette<\/a><br \/><a href=\"https:\/\/from-the-fahr-side.ch\/index.php\/2024\/06\/05\/blumenkohl-curryreis-eintopf\/\">Blumenkohl Curryreis (Eintopf)<\/a><\/p>\n<p>Desserts:<\/p>\n<p><a href=\"https:\/\/from-the-fahr-side.ch\/index.php\/2019\/06\/29\/ananascake-im-omnia\/\">Ananascake im OMNIA<\/a><br \/><a href=\"https:\/\/from-the-fahr-side.ch\/index.php\/2019\/07\/08\/heidelbeercake-im-omnia\/\">Heidelbeercake im OMNIA<\/a><br \/><a href=\"https:\/\/from-the-fahr-side.ch\/index.php\/2020\/08\/15\/posset-eine-zitronencreme\/\">Posset, eine Zitronencreme<\/a><br \/><a href=\"https:\/\/from-the-fahr-side.ch\/index.php\/2023\/11\/21\/bananen-kuchen-im-omnia\/\">Bananen Kuchen im OMNIA<\/a><\/p>\n<p>\u00a0<\/p>\n\n\n<p><\/p>\n","protected":false},"excerpt":{"rendered":"<p>Das Essen frisch zuzubereiten und Abwechslung auf dem Teller sind uns auch auf Reisen wichtig. Es braucht oft etwas Improvisation, da das Arsenal an K\u00fcchenger\u00e4tschaften&hellip;<\/p>\n<p><a class=\"more-link\" href=\"https:\/\/from-the-fahr-side.ch\/index.php\/kochbuch\/\">Read More<\/a><\/p>\n","protected":false},"author":1,"featured_media":0,"parent":0,"menu_order":0,"comment_status":"closed","ping_status":"closed","template":"","meta":{"footnotes":""},"class_list":["post-86","page","type-page","status-publish","hentry"],"_links":{"self":[{"href":"https:\/\/from-the-fahr-side.ch\/index.php\/wp-json\/wp\/v2\/pages\/86","targetHints":{"allow":["GET"]}}],"collection":[{"href":"https:\/\/from-the-fahr-side.ch\/index.php\/wp-json\/wp\/v2\/pages"}],"about":[{"href":"https:\/\/from-the-fahr-side.ch\/index.php\/wp-json\/wp\/v2\/types\/page"}],"author":[{"embeddable":true,"href":"https:\/\/from-the-fahr-side.ch\/index.php\/wp-json\/wp\/v2\/users\/1"}],"replies":[{"embeddable":true,"href":"https:\/\/from-the-fahr-side.ch\/index.php\/wp-json\/wp\/v2\/comments?post=86"}],"version-history":[{"count":29,"href":"https:\/\/from-the-fahr-side.ch\/index.php\/wp-json\/wp\/v2\/pages\/86\/revisions"}],"predecessor-version":[{"id":4312,"href":"https:\/\/from-the-fahr-side.ch\/index.php\/wp-json\/wp\/v2\/pages\/86\/revisions\/4312"}],"wp:attachment":[{"href":"https:\/\/from-the-fahr-side.ch\/index.php\/wp-json\/wp\/v2\/media?parent=86"}],"curies":[{"name":"wp","href":"https:\/\/api.w.org\/{rel}","templated":true}]}}