{"id":87,"date":"2018-12-26T17:29:07","date_gmt":"2018-12-26T17:29:07","guid":{"rendered":"http:\/\/192.168.1.224\/wordpress\/?page_id=87"},"modified":"2019-07-22T12:37:17","modified_gmt":"2019-07-22T11:37:17","slug":"kuchenausstattung","status":"publish","type":"page","link":"https:\/\/from-the-fahr-side.ch\/index.php\/kuchenausstattung\/","title":{"rendered":"K\u00fcchenausstattung"},"content":{"rendered":"<p>K\u00dcCHENGER\u00c4TE<br \/>\n2 Pfannen und 1 Bratpfanne (quick clack)<br \/>\nUniversaldeckel (Kochblume mittel)<br \/>\n1 Fl\u00f6tenkessel (Outwell 1.8l)<br \/>\n1 Dampfkochtopf (GSI Halulite 2.7l)<br \/>\nOMNIA Backofen mit Gitter und Silikonform<br \/>\nPlancha (argentinische Gusseisenpfanne)<\/p>\n<p>ZUBEH\u00d6R<br \/>\nSchneebesen<br \/>\nR\u00f6stireibe und Feinreibe scharf<br \/>\nZitronenpresse<br \/>\nSchneidbretter Set (30&#215;20 von Josephjoseph)<br \/>\nNudelsieb<br \/>\nTeesieb<br \/>\nWallholz klein<br \/>\nSchnitzer und Sparsch\u00e4ler<br \/>\nDosen\u00f6ffner<br \/>\nZapfenzieher<br \/>\nMessbecher<br \/>\nK\u00fcchenwaage (klappbar, Genio von Soehnle)<br \/>\nGrillzange<br \/>\nStabmixer mit H\u00e4cksler 160Watt (Bamix)<br \/>\nKaffeebereiter (Eccoe Edelstahl 1l)<br \/>\nHandpresso<\/p>\n","protected":false},"excerpt":{"rendered":"<p>K\u00dcCHENGER\u00c4TE 2 Pfannen und 1 Bratpfanne (quick clack) Universaldeckel (Kochblume mittel) 1 Fl\u00f6tenkessel (Outwell 1.8l) 1 Dampfkochtopf (GSI Halulite 2.7l) OMNIA Backofen mit Gitter und&hellip;<\/p>\n<p><a class=\"more-link\" href=\"https:\/\/from-the-fahr-side.ch\/index.php\/kuchenausstattung\/\">Read More<\/a><\/p>\n","protected":false},"author":1,"featured_media":0,"parent":0,"menu_order":0,"comment_status":"closed","ping_status":"closed","template":"","meta":{"footnotes":""},"class_list":["post-87","page","type-page","status-publish","hentry"],"_links":{"self":[{"href":"https:\/\/from-the-fahr-side.ch\/index.php\/wp-json\/wp\/v2\/pages\/87","targetHints":{"allow":["GET"]}}],"collection":[{"href":"https:\/\/from-the-fahr-side.ch\/index.php\/wp-json\/wp\/v2\/pages"}],"about":[{"href":"https:\/\/from-the-fahr-side.ch\/index.php\/wp-json\/wp\/v2\/types\/page"}],"author":[{"embeddable":true,"href":"https:\/\/from-the-fahr-side.ch\/index.php\/wp-json\/wp\/v2\/users\/1"}],"replies":[{"embeddable":true,"href":"https:\/\/from-the-fahr-side.ch\/index.php\/wp-json\/wp\/v2\/comments?post=87"}],"version-history":[{"count":6,"href":"https:\/\/from-the-fahr-side.ch\/index.php\/wp-json\/wp\/v2\/pages\/87\/revisions"}],"predecessor-version":[{"id":1270,"href":"https:\/\/from-the-fahr-side.ch\/index.php\/wp-json\/wp\/v2\/pages\/87\/revisions\/1270"}],"wp:attachment":[{"href":"https:\/\/from-the-fahr-side.ch\/index.php\/wp-json\/wp\/v2\/media?parent=87"}],"curies":[{"name":"wp","href":"https:\/\/api.w.org\/{rel}","templated":true}]}}