{"id":88,"date":"2018-12-26T17:30:47","date_gmt":"2018-12-26T17:30:47","guid":{"rendered":"http:\/\/192.168.1.224\/wordpress\/?page_id=88"},"modified":"2019-01-10T22:19:24","modified_gmt":"2019-01-10T21:19:24","slug":"vorratsschrank","status":"publish","type":"page","link":"https:\/\/from-the-fahr-side.ch\/index.php\/vorratsschrank\/","title":{"rendered":"Vorratsschrank"},"content":{"rendered":"<p><strong>Grundausstattung:<\/strong><br \/>\nOliven\u00f6l<br \/>\nKokos\u00f6l<br \/>\nEssig<br \/>\nSenf<br \/>\nMehl<br \/>\nSt\u00e4rkemehl (starch flour)<br \/>\nZucker<br \/>\nBackpulver<br \/>\nTrockenhefe<br \/>\nKaffee gemahlen und E.S.E.pads<br \/>\nTee<\/p>\n<p><strong>Dauerware:<\/strong><br \/>\nReis, Mais, Couscous und Nudeln<br \/>\nGetrocknete Bohnen, Linsen, Kichererbsen<br \/>\nKokosmilch<br \/>\nHaferflocken<br \/>\nGetrocknete Fr\u00fcchte<br \/>\nN\u00fcsse<br \/>\nKonfit\u00fcre und Honig<\/p>\n<p><strong>Gew\u00fcrze:<\/strong><br \/>\nSalz<br \/>\nPfeffer<br \/>\nBouillonpulver<br \/>\nCurrymischung scharf<br \/>\nZitronenpfeffer<br \/>\nSalatkr\u00e4uter<br \/>\nKreuzk\u00fcmmel<br \/>\nKurkuma<br \/>\nKoriander<br \/>\nGaram masala<br \/>\nPaprika<br \/>\nIngwer<br \/>\nChiliflocken (Pul Biber)<br \/>\nSojasauce<br \/>\nZimt<\/p>\n","protected":false},"excerpt":{"rendered":"<p>Grundausstattung: Oliven\u00f6l Kokos\u00f6l Essig Senf Mehl St\u00e4rkemehl (starch flour) Zucker Backpulver Trockenhefe Kaffee gemahlen und E.S.E.pads Tee Dauerware: Reis, Mais, Couscous und Nudeln Getrocknete Bohnen,&hellip;<\/p>\n<p><a class=\"more-link\" href=\"https:\/\/from-the-fahr-side.ch\/index.php\/vorratsschrank\/\">Read More<\/a><\/p>\n","protected":false},"author":1,"featured_media":0,"parent":0,"menu_order":0,"comment_status":"closed","ping_status":"closed","template":"","meta":{"footnotes":""},"class_list":["post-88","page","type-page","status-publish","hentry"],"_links":{"self":[{"href":"https:\/\/from-the-fahr-side.ch\/index.php\/wp-json\/wp\/v2\/pages\/88","targetHints":{"allow":["GET"]}}],"collection":[{"href":"https:\/\/from-the-fahr-side.ch\/index.php\/wp-json\/wp\/v2\/pages"}],"about":[{"href":"https:\/\/from-the-fahr-side.ch\/index.php\/wp-json\/wp\/v2\/types\/page"}],"author":[{"embeddable":true,"href":"https:\/\/from-the-fahr-side.ch\/index.php\/wp-json\/wp\/v2\/users\/1"}],"replies":[{"embeddable":true,"href":"https:\/\/from-the-fahr-side.ch\/index.php\/wp-json\/wp\/v2\/comments?post=88"}],"version-history":[{"count":6,"href":"https:\/\/from-the-fahr-side.ch\/index.php\/wp-json\/wp\/v2\/pages\/88\/revisions"}],"predecessor-version":[{"id":408,"href":"https:\/\/from-the-fahr-side.ch\/index.php\/wp-json\/wp\/v2\/pages\/88\/revisions\/408"}],"wp:attachment":[{"href":"https:\/\/from-the-fahr-side.ch\/index.php\/wp-json\/wp\/v2\/media?parent=88"}],"curies":[{"name":"wp","href":"https:\/\/api.w.org\/{rel}","templated":true}]}}